{"id":11174,"date":"2022-01-12T00:50:08","date_gmt":"2022-01-11T23:50:08","guid":{"rendered":"https:\/\/pave.sharetech.me\/condiciones-generales-de-venta\/"},"modified":"2022-01-20T02:32:32","modified_gmt":"2022-01-20T01:32:32","slug":"condiciones-generales-de-venta","status":"publish","type":"page","link":"https:\/\/pave.sharetech.me\/es\/condiciones-generales-de-venta\/","title":{"rendered":"Condiciones generales de venta"},"content":{"rendered":"\n<p>Todo pedido de un producto que figure en la tienda online del sitio www.pavechocolats.com (en adelante, el \u201cSitio de Pav\u00e9 Chocolats\u201d o el \u201cSitio\u201d) requiere la consulta y aceptaci\u00f3n previa de las presentes condiciones generales de venta. El clic para validar el pedido implica la plena aceptaci\u00f3n de estos.<\/p>\n<p>El Sitio Pav\u00e9 Chocolats es propiedad y est\u00e1 operado por la empresa &#8220;MAJORCORP&#8221;, una sociedad de responsabilidad limitada, inscrita en el registro mercantil con el n\u00famero 295547, cuya sede se encuentra en 34 Rue Attabari Ma\u00e2rif.<\/p>\n<p>Se puede contactar a MAJORCORP en el 06 59 21 27 39 o por correo electr\u00f3nico: <a href=\"mailto:contact@pavechocolats.com\">contact@pavechocolats.com<\/a> El proveedor de servicios que garantiza el almacenamiento directo y permanente del Sitio Pav\u00e9 Chocolats es MAJORCORP, una f\u00e1brica de chocolate artesanal marroqu\u00ed, registrada en Casablanca con el n\u00famero 295547 y cuya sede se encuentra en 34 Rue Attabari Ma\u00e2rif.<\/p>\n<ol>\n<li><strong> Objeto<\/strong><\/li>\n<\/ol>\n<p>Las presentes condiciones generales tienen por objeto definir los derechos y obligaciones de las partes en el marco de la venta en l\u00ednea de productos ofrecidos por MAJORCORP SARL al consumidor.<\/p>\n<p><strong>Las ventas<\/strong> concluidas en l\u00ednea en el Sitio Pav\u00e9 Chocolats est\u00e1n sujetas a la condici\u00f3n suspensiva de confirmaci\u00f3n de la disponibilidad de los productos seleccionados en el pedido y del pago efectivo del pedido.<\/p>\n<ol start=\"2\">\n<li><strong> Selecci\u00f3n y validaci\u00f3n de un pedido<\/strong><\/li>\n<\/ol>\n<p>Los pedidos se realizan exclusivamente a trav\u00e9s del Sitio \u201cPav\u00e9 Chocolats\u201d. Todo pedido validado implica la aceptaci\u00f3n firme y definitiva de los precios, as\u00ed como de los productos descritos en el Sitio Pav\u00e9 Chocolats.<\/p>\n<p>El pedido s\u00f3lo ser\u00e1 efectivo tras el pago \u00edntegro del precio correspondiente por parte del consumidor.<\/p>\n<ol start=\"3\">\n<li><strong> Confirmaci\u00f3n de pedido<\/strong><\/li>\n<\/ol>\n<p>La informaci\u00f3n contractual ser\u00e1 confirmada por correo electr\u00f3nico a la direcci\u00f3n de correo electr\u00f3nico indicada por el consumidor al realizar el pedido.<\/p>\n<p>Una vez confirmado y abonado el pedido, no se admitir\u00e1 ninguna modificaci\u00f3n ni se podr\u00e1 a\u00f1adir ni restar ning\u00fan art\u00edculo al mismo, constituyendo el pago la aceptaci\u00f3n definitiva del pedido.<\/p>\n<ol start=\"4\">\n<li><strong> Indisponibilidad de un producto<\/strong><\/li>\n<\/ol>\n<p>En caso de indisponibilidad de todo o parte del pedido, la empresa MAJORCORP SARL tambi\u00e9n advertir\u00e1 al consumidor con anticipaci\u00f3n por tel\u00e9fono y \/ o por correo electr\u00f3nico a los datos de contacto indicados por el consumidor en su formulario de pedido. El pedido se considerar\u00e1 entonces nulo con respecto al (los) producto(s) no disponible(s), y la empresa MAJORCORP SARL se compromete a solicitud del consumidor, a m\u00e1s tardar dentro de los (3) d\u00edas a partir de la fecha del pedido, a proceder:<\/p>\n<p>&#8211; ya sea la sustituci\u00f3n del producto no disponible por un producto equivalente en t\u00e9rminos de precio;<\/p>\n<p>&#8211; o el reembolso del monto total pagado por este \u00faltimo por el (los) producto (s) no disponible (s).<\/p>\n<p>Los consumidores a quienes MAJORCORP SARL les haya ofrecido la opci\u00f3n antes mencionada, deber\u00e1n tomar una decisi\u00f3n dentro de las (24) horas h\u00e1biles, en caso contrario, la devoluci\u00f3n ser\u00e1 en forma de reembolso.<\/p>\n<p>El reembolso y\/o la nota de abono antes mencionados son liberatorios y el consumidor reconoce que estos constituyen una compensaci\u00f3n total por su posible da\u00f1o.<\/p>\n<ol start=\"5\">\n<li><strong> Prueba de la transacci\u00f3n<\/strong><\/li>\n<\/ol>\n<p>Los registros informatizados, mantenidos en los sistemas inform\u00e1ticos de la empresa MAJORCORP SARL en cumplimiento de las normas de seguridad y confidencialidad, tienen valor de prueba entre el consumidor y la empresa MAJORCORP SARL. Se acuerda que en caso de discrepancia entre los registros informatizados del consumidor y los de MAJORCORP SARL, prevalecer\u00e1n estos \u00faltimos.<\/p>\n<ol start=\"6\">\n<li><strong> Informaci\u00f3n de productos y precios<\/strong><\/li>\n<\/ol>\n<p>Los productos puestos a la venta en el Sitio Pav\u00e9 Chocolats se presentan en forma de fichas de producto que pueden incluir la descripci\u00f3n, caracter\u00edsticas e ingredientes del producto, una fotograf\u00eda del mismo (que no es probable que afecte a la validez de la venta, en el caso de diferencia m\u00ednima y\/o no sustancial con el producto entregado &#8211; las fotos no son contractuales), as\u00ed como el precio del producto. Esto se debe a que las decoraciones, los papeles, los colores de los chocolates y los gustos pueden variar seg\u00fan las existencias disponibles.<\/p>\n<p>Se ha hecho todo lo posible para garantizar la exactitud de la informaci\u00f3n presentada en el Sitio Pav\u00e9 Chocolat, que puede ser modificada en cualquier momento y sin previo aviso por MAJORCORP SARL. Los nombres de se utilizan \u00fanicamente con fines de identificaci\u00f3n.<\/p>\n<ol start=\"7\">\n<li><strong> Fecha de caducidad o fecha de uso \u00f3ptimo<\/strong><\/li>\n<\/ol>\n<p>Los productos perecederos vendidos en el Sitio tienen una DLC (fecha de vencimiento) o DLUO (fecha de vencimiento de uso \u00f3ptimo) mayor a 30 d\u00edas al momento de su pedido por parte de un consumidor. Dentro de este plazo, se menciona en la ficha del producto.<\/p>\n<ol start=\"8\">\n<li><strong> Precios y pagos<\/strong><\/li>\n<\/ol>\n<p>Todos los precios de los productos est\u00e1n indicados en dirhams, todos los impuestos incluidos y, salvo estipulaci\u00f3n expresa en el Sitio de Pav\u00e9 Chocolats, no incluyen los gastos de env\u00edo. El importe de los gastos de env\u00edo se indica en el Sitio Pav\u00e9 Chocolats.<\/p>\n<p>Los pedidos son pagaderos tan pronto como sean validados en el Sitio Pav\u00e9 Chocolats, de acuerdo con los t\u00e9rminos elegidos por el consumidor al realizar el pedido.<\/p>\n<p>Los precios de los productos est\u00e1n sujetos a cambios en cualquier momento en el Sitio Pav\u00e9 Chocolat. Los productos se facturar\u00e1n sobre la base de los precios que se muestran en el Sitio de Pav\u00e9 Chocolats en el momento de realizar el pedido.<\/p>\n<p>El pago de los pedidos se realiza por uno de los siguientes medios, dependiendo de si est\u00e1 activado o no en el sitio:<\/p>\n<p>&#8211; o, con tarjeta de cr\u00e9dito: solo se aceptan los tipos de tarjeta de cr\u00e9dito mencionados en el Sitio Pav\u00e9 Chocolats (Visa, MasterCard, &#8212;&#8212;&#8212;&#8212;&#8211;);<\/p>\n<p>&#8211; o, por medio de una cuenta de PayPal, en las condiciones y bajo la responsabilidad exclusiva del cliente<\/p>\n<p>&#8211; o, por transferencia bancaria al n\u00famero de cuenta de MAJORCORP SARL indicado en el sitio<\/p>\n<p>&#8211; noche, en efectivo cuando corresponda.<\/p>\n<p>Corresponde al consumidor guardar, por cualquier medio que considere \u00fatil, los datos relativos a la transacci\u00f3n (en particular, imprimi\u00e9ndolos o guard\u00e1ndolos en un soporte de su elecci\u00f3n).<\/p>\n<p>El pedido solo ser\u00e1 atendido cuando se reciba el pago completo en la cuenta de MAJORCORP SARL (o en el caso de pago con tarjeta de cr\u00e9dito que se env\u00ede el comprobante de pago a MAJORCORP SARL). <\/p>\n<ol start=\"9\">\n<li><strong> Condiciones de entrega<\/strong><\/li>\n<\/ol>\n<p><strong>9.1.1 Env\u00edo del pedido<\/strong><\/p>\n<p>MAJORCORP SARL se compromete a enviar el pedido al recibir el pago en su cuenta o si el pago se concede contra reembolso y sujeto a la disponibilidad del producto. La fecha estimada de entrega indicada al final del pedido puede retrasarse en caso de evento no imputable a MAJORCORP SARL, teniendo en cuenta el tiempo de preparaci\u00f3n del producto.<\/p>\n<p>Los productos se entregan en la direcci\u00f3n indicada por el consumidor al realizar el pedido y solo en las \u00e1reas geogr\u00e1ficas atendidas por la empresa MAJORCORP SARL.<\/p>\n<p>La sociedad MAJORCORP SARL declina toda responsabilidad por los da\u00f1os que se produzcan en los productos despu\u00e9s de su entrega al consumidor, oa cualquier persona encargada, por este \u00faltimo, de recibir el pedido.<\/p>\n<p>Todos los productos salen de las instalaciones de la empresa MAJORCORP SARL en perfecto estado y con la fecha de caducidad lo m\u00e1s antigua posible.<\/p>\n<p><strong>9.1.2 Carga de riesgo<\/strong><\/p>\n<p>La carga de cualquier riesgo relacionado con la p\u00e9rdida o da\u00f1o del paquete es totalmente a cargo de Pav\u00e9 Chocolats durante la duraci\u00f3n del transporte hasta la firma del destinatario del recibo de la entrega o la aceptaci\u00f3n de la misma directamente del repartidor.<\/p>\n<p>En caso de desperfectos, art\u00edculos faltantes o desperfectos, el destinatario del paquete deber\u00e1 indicar sus reservas directamente por escrito al mensajero y confirmar al servicio de atenci\u00f3n al cliente de Pav\u00e9 Chocolats por e-mail a &#8220;contact@pavechocolats.com&#8221; en un plazo de 24 horas despu\u00e9s del parto.<\/p>\n<p>Pav\u00e9 Chocolats no se hace responsable en caso de ausencia del destinatario durante la entrega, y\/o en caso de que el destinatario no recoja o retire su paquete con retraso del transportista despu\u00e9s de que este haya dejado un aviso de tr\u00e1nsito a la direcci\u00f3n del destinatario.<\/p>\n<p><strong>9.1.3 Plazos de entrega<\/strong><\/p>\n<p>En caso de que el paquete no haya sido reclamado tras intento de entrega y contacto con el destinatario y el remitente: el paquete se mantendr\u00e1 durante 2 semanas en los almacenes del transportista o en Pav\u00e9 Chocolats seg\u00fan la modalidad de entrega elegida. Al final de estas 2 semanas, dada la naturaleza perecedera del chocolate, el paquete ser\u00e1 destruido y no podr\u00e1 ser redirigido a otra direcci\u00f3n.<\/p>\n<p><strong>9.1.4 No reclamaci\u00f3n del bulto<\/strong><\/p>\n<p>Los plazos de entrega indicados en el sitio de Pav\u00e9 Chocolats son solo indicativos y Pav\u00e9 Chocolats no los garantiza de ninguna manera.<\/p>\n<p>Pav\u00e9 Chocolats no se hace responsable de los retrasos que se produzcan durante las entregas en caso de error en la direcci\u00f3n de entrega, en caso de inspecci\u00f3n aduanera local (fuera de Marruecos), en caso de fuerza mayor, o de transportista.<\/p>\n<p><strong>9.2. Recepci\u00f3n del pedido<\/strong><\/p>\n<p>El consumidor debe informar por escrito al transportista (o al factor o cualquier otra persona responsable de la entrega de los productos) cualquier impacto (agujeros, rastros de aplastamiento, etc.) en el paquete y, si es necesario, rechazar el paquete solo en en caso de que el producto est\u00e9 da\u00f1ado y\/o alterado. A continuaci\u00f3n, se devolver\u00e1 gratuitamente un nuevo producto id\u00e9ntico al consumidor que haya seguido el procedimiento descrito en el punto 10 siguiente.<\/p>\n<p>El cambio de cualquier producto declarado, a posteriori, da\u00f1ado durante el transporte, sin que se haya realizado reserva alguna a la recepci\u00f3n del paquete, no podr\u00e1 ser atendido.<\/p>\n<p>En caso de retraso o p\u00e9rdida del paquete, se abrir\u00e1 una investigaci\u00f3n con el transportista.<\/p>\n<p>En todo caso, prevalecer\u00e1n los registros del transportista (o de cualquier otra persona responsable de la entrega del pedido) y, en caso de discrepancia con las declaraciones y documentos aportados por el consumidor. En caso de que un consumidor persista en afirmar que no ha recibido su pedido en la direcci\u00f3n indicada durante la validaci\u00f3n del mismo en el Sitio Pav\u00e9 Chocolat, su queja podr\u00e1 ser eventualmente tenida en cuenta, bajo la apreciaci\u00f3n soberana de MAJORCORP SARL, en el expreso condici\u00f3n de estar acompa\u00f1ado:<\/p>\n<p>&#8211; una declaraci\u00f3n de honor redactada y firmada por el consumidor en cuesti\u00f3n,<\/p>\n<p>&#8211; acompa\u00f1ado de una copia a doble cara de su documento de identidad.<\/p>\n<p>MAJORCORP SARL declina toda responsabilidad derivada del incumplimiento o cumplimiento indebido de sus obligaciones, cuando ello sea imputable al consumidor o resulte bien de un hecho fortuito e insuperable de un tercero, bien de un caso de fuerza mayor.<\/p>\n<p>El consumidor se compromete a recibir el pedido, ya sea personalmente o a trav\u00e9s de otra persona a la que \u00e9ste haya dado un mandato por escrito, y a facilitar la misi\u00f3n del transportista, en particular indicando, durante la validaci\u00f3n del pedido en l\u00ednea, todos los datos \u00fatiles para el correcto encaminamiento del pedido a su domicilio (en particular, transmitiendo, en esta ocasi\u00f3n, eventuales claves de acceso, direcciones adicionales y otros). Cualquier retraso en la entrega que se deba a un incumplimiento de las obligaciones contractuales del consumidor, en particular las mencionadas anteriormente, no puede dar lugar a ninguna compensaci\u00f3n.<\/p>\n<ol start=\"10\">\n<li><strong> Producto no conforme<\/strong><\/li>\n<\/ol>\n<p><strong>10.1.<\/strong> Toute non-conformit\u00e9 d&#8217;un produit (colis endommag\u00e9, produits cass\u00e9s, produit diff\u00e9rent de celui command\u00e9&#8230;) devra \u00eatre imp\u00e9rativement indiqu\u00e9e sur le bon de livraison pr\u00e9sent\u00e9e par le transporteur sous forme de &#8221;r\u00e9serve manuscrite&#8221; accompagn\u00e9e de la signature Del cliente.<\/p>\n<p><strong>10.2.<\/strong> El consumidor debe informar a la empresa MAJORCORP SARL de esta no conformidad:<\/p>\n<p>&#8211; por un lado, poni\u00e9ndose en contacto con ella por tel\u00e9fono a la recepci\u00f3n del producto de que se trate y, a m\u00e1s tardar, dentro de las cuarenta y ocho (48) horas h\u00e1biles siguientes a dicha recepci\u00f3n;<\/p>\n<p>&#8211; por otro lado, mediante la confirmaci\u00f3n de este incumplimiento por correo electr\u00f3nico acompa\u00f1ado de una o m\u00e1s fotograf\u00edas (lo suficientemente expl\u00edcitas para respaldar la queja), y enviado a m\u00e1s tardar dentro de los siete (7) d\u00edas calendario (desde la recepci\u00f3n del producto en cuesti\u00f3n). ) en la siguiente direcci\u00f3n: ((contact@pavechocolats.com));<\/p>\n<p><strong>10.3.<\/strong> Cualquier queja relacionada con un producto, cualquiera que sea su naturaleza, debe ser detallada e indicar claramente los motivos de la insatisfacci\u00f3n. Adem\u00e1s, los productos que se consideren no conformes deben almacenarse en un lugar adecuado (y enfriar, si es necesario, en el caso de productos que requieran refrigeraci\u00f3n, como productos que contienen cr\u00e8me fra\u00eeche, ganaches y trufas; para otros productos, colocarlos en un lugar fresco con una temperatura ambiente constante de 18 grados), para permitir que MAJORCORP SARL, si es necesario, tome nota de la existencia de la supuesta no conformidad.<\/p>\n<p><strong>10.4.<\/strong> La reclamaci\u00f3n no ser\u00e1 tramitada hasta que el consumidor haya satisfecho dichos t\u00e9rminos, y ello dentro de los plazos contractuales y legales.<\/p>\n<p><strong>10.5.<\/strong> El consumidor que presenta una queja puede retirarla en cualquier momento, siempre y cuando los productos no hayan sido devueltos y\/o recuperados a\/por la empresa MAJORCORP SARL o cualquier persona autorizada por ella. Cualquier retiro de una queja es definitivo y hace que sea imposible presentar una nueva queja por el mismo producto.<\/p>\n<p><strong>10.6.<\/strong> Si se reconoce el fondo de la reclamaci\u00f3n, se ofrecer\u00e1 al consumidor:<\/p>\n<p>&#8211; o bien, para obtener el reembolso total del precio realmente pagado por el pedido no entregado y\/o no conforme;<\/p>\n<p>&#8211; o beneficiarse de una nota de cr\u00e9dito correspondiente a la cantidad (s) del (los) producto (s) no disponible (s) y v\u00e1lida en cualquier pedido nuevo por un per\u00edodo de doce (12) meses.<\/p>\n<p>La citada propuesta es liberadora y el consumidor reconoce que constituye una reparaci\u00f3n total por su posible perjuicio.<\/p>\n<p><strong>10.7.<\/strong> En caso de denuncia abusiva, MAJORCORP SARL se reserva el derecho de rechazar cualquier pedido posterior.<\/p>\n<ol start=\"11\">\n<li><strong> falta de entrega<\/strong><\/li>\n<\/ol>\n<p>En caso de falta de entrega, el consumidor deber\u00e1 dirigirse a la empresa MAJORCORP SARL:<\/p>\n<p>&#8211; por un lado, por correo electr\u00f3nico, a partir de la fecha de entrega prevista;<\/p>\n<p>&#8211; por otra parte, mediante la confirmaci\u00f3n de esta reclamaci\u00f3n por correo electr\u00f3nico enviado a m\u00e1s tardar dentro de los siete (7) d\u00edas naturales siguientes a la fecha de entrega prevista.<\/p>\n<p>La reclamaci\u00f3n no ser\u00e1 tramitada hasta que el consumidor haya satisfecho dichos t\u00e9rminos, y ello dentro de los plazos contractuales y legales.<\/p>\n<p>Si se reconoce la validez de la reclamaci\u00f3n, se ofrecer\u00e1 al cliente, sin coste adicional para \u00e9l:<\/p>\n<p>&#8211; ya sea, el reenv\u00edo de otra copia del (de los) producto(s) solicitado(s) y no recibido(s);<\/p>\n<p>&#8211; o bien, para obtener el reembolso total del precio realmente pagado por el pedido no recibido;<\/p>\n<p>&#8211; o beneficiarse de una nota de cr\u00e9dito correspondiente a la cantidad (s) del (los) producto (s) no recibido (s) y v\u00e1lida en cualquier pedido nuevo por un per\u00edodo de doce (12) meses.<\/p>\n<ol start=\"12\">\n<li><strong> Error de entrega (entrega de un producto diferente al solicitado)<\/strong><\/li>\n<\/ol>\n<p>Cualquier producto entregado por error dar\u00e1 lugar a cambio o reembolso, a elecci\u00f3n del consumidor, a condici\u00f3n de que sea devuelto, dentro de los siete (7) d\u00edas naturales (matasellos), a la empresa MAJORCORP SARL, en su totalidad y en perfecto estado. en su embalaje original en la siguiente direcci\u00f3n: 34 Rue Attabari Maarif (MARRUECOS).<\/p>\n<p>Los gastos de env\u00edo corren a cargo de MAJORCORP SARL, excepto en el caso de que el producto no corresponda a la declaraci\u00f3n original realizada por el consumidor durante la validaci\u00f3n del pedido en l\u00ednea, en el sitio de Pav\u00e9 Chocolat.<\/p>\n<ol start=\"13\">\n<li><strong> Derecho a retractarse<\/strong><\/li>\n<\/ol>\n<p>El derecho de desistimiento de 14 d\u00edas no se aplica a los contratos de suministro de productos agroalimentarios perecederos, como chocolates. Adem\u00e1s, el comprador no puede confiar en ello. No obstante, podr\u00e1 tenerse en cuenta una modificaci\u00f3n o cancelaci\u00f3n por su parte en la medida en que el paquete est\u00e9 en preparaci\u00f3n y a\u00fan no haya sido entregado al transportista. Cualquier orden dada al transportista no puede estar sujeta a la renuncia de compra. La notificaci\u00f3n del cliente debe realizarse por correo electr\u00f3nico al servicio de atenci\u00f3n al cliente de MAJORCORP SARL en la direcci\u00f3n contact@pavechocolats.com. En esta ocasi\u00f3n y tan pronto como el comprador haya respetado dicho plazo, se le confirmar\u00e1 por correo electr\u00f3nico la aceptaci\u00f3n de la renuncia. MAJORCORP SARL reembolsar\u00e1 mediante transferencia a la tarjeta utilizada para la compra. El reembolso se realizar\u00e1 en un plazo m\u00e1ximo de 15 d\u00edas a partir del d\u00eda en que MAJORCORP SARL tenga conocimiento de la voluntad de renuncia.<\/p>\n<ol start=\"14\">\n<li><strong> derechos de uso<\/strong><\/li>\n<\/ol>\n<p>El uso de marcas registradas en el Sitio est\u00e1 estrictamente prohibido.<\/p>\n<p>Ninguno de los productos vendidos en el Sitio Pav\u00e9 Chocolats est\u00e1 destinado a la reventa a terceros.<\/p>\n<ol start=\"15\">\n<li><strong> Fuerza mayor<\/strong><\/li>\n<\/ol>\n<p>Ninguna de las partes habr\u00e1 incumplido sus obligaciones contractuales, en tanto su ejecuci\u00f3n se retrase, dificulte o impida por caso fortuito de fuerza mayor. Cualquier hecho o circunstancia irresistible, ajena a las partes, imprevisible, inevitable, independiente de la voluntad de las partes y que no puede ser impedida por \u00e9sta, a pesar de todos los esfuerzos razonablemente posibles, ser\u00e1 considerado como caso de fuerza mayor.<\/p>\n<p>La parte afectada por tales circunstancias lo notificar\u00e1 a la otra dentro de los diez d\u00edas h\u00e1biles siguientes a la fecha en que tuvo conocimiento.<\/p>\n<p>Las dos partes se reunir\u00e1n entonces, en el plazo de tres meses, a menos que esto sea imposible por causa de fuerza mayor, para examinar el impacto del evento y acordar las condiciones bajo las cuales se continuar\u00e1 la ejecuci\u00f3n del contrato.<\/p>\n<p>Si el caso de fuerza mayor se prolonga m\u00e1s de un (1) mes, las presentes condiciones generales podr\u00e1n ser rescindidas por el perjudicado.<\/p>\n<ol start=\"16\">\n<li><strong> Sin validaci\u00f3n parcial<\/strong><\/li>\n<\/ol>\n<p>Si una o m\u00e1s estipulaciones de estas condiciones generales no fueran validadas o declaradas como tales en aplicaci\u00f3n de una ley, un reglamento o como consecuencia de una decisi\u00f3n final de un tribunal competente, las dem\u00e1s estipulaciones conservar\u00e1n toda su fuerza y alcance.<\/p>\n<ol start=\"17\">\n<li><strong> No renuncio<\/strong><\/li>\n<\/ol>\n<p>El hecho de que una de las partes no invoque el incumplimiento por la otra parte de cualquiera de las obligaciones a que se refieren las presentes condiciones generales de venta no puede interpretarse para el futuro como una reclamaci\u00f3n a la obligaci\u00f3n en cuesti\u00f3n.<\/p>\n<ol start=\"18\">\n<li><strong> Ley aplicable<\/strong><\/li>\n<\/ol>\n<p>Las presentes condiciones generales est\u00e1n sujetas a la legislaci\u00f3n marroqu\u00ed. Este es el caso tanto de las reglas de fondo como de las reglas de forma.<\/p>\n<p>En caso de disputa o queja, el consumidor primero se pondr\u00e1 en contacto con MAJORCORP SARL para obtener una soluci\u00f3n amistosa. Esta b\u00fasqueda de una soluci\u00f3n amistosa no interrumpe los plazos para emprender acciones legales.<\/p>\n<ol start=\"19\">\n<li><strong> Protecci\u00f3n de datos personales<\/strong><\/li>\n<\/ol>\n<p>Todos los datos que nos conf\u00edas son para poder tramitar tus pedidos as\u00ed como, con tu consentimiento previo, enviarte informaci\u00f3n comercial. Estos datos se procesan bajo la responsabilidad de MAJORCORP SARL, responsable del procesamiento, y que puede transmitirlos a sus socios (que pueden, con su consentimiento previo, enviarle ofertas comerciales).<\/p>\n<p>En virtud de la Ley de protecci\u00f3n de la privacidad en lo que respecta al tratamiento de datos personales, tienes ante el vendedor un derecho de rectificaci\u00f3n, consulta, modificaci\u00f3n y, en caso de motivo leg\u00edtimo, supresi\u00f3n de los datos que nos hayas comunicado. Este derecho puede ejercerse online a trav\u00e9s de la siguiente direcci\u00f3n de correo electr\u00f3nico: contact@pavechocolats.com.<\/p>\n<ol start=\"20\">\n<li><strong> Disputas<\/strong><\/li>\n<\/ol>\n<p>Cualquier pedido realizado a la empresa MAJORCORP SARL gana la aceptaci\u00f3n del consumidor, sin ninguna restricci\u00f3n, a las condiciones generales de venta de la empresa MAJORCORP SARL.<\/p>\n<p>En caso de venta a una persona jur\u00eddica, cualquier disputa relacionada con la venta (precio, CGC, productos, etc.) estar\u00e1 sujeta a la legislaci\u00f3n marroqu\u00ed ante el Tribunal de Comercio de la sede de la empresa MAJORCORP SARL.<\/p>\n<p>&nbsp;<\/p>\n","protected":false},"excerpt":{"rendered":"<p>Todo pedido de un producto que figure en la tienda online del sitio www.pavechocolats.com (en adelante, el \u201cSitio de Pav\u00e9 Chocolats\u201d o el \u201cSitio\u201d) requiere la consulta y aceptaci\u00f3n previa de las presentes condiciones generales de venta. El clic para validar el pedido implica la plena aceptaci\u00f3n de estos. El Sitio Pav\u00e9 Chocolats es propiedad [&hellip;]<\/p>\n","protected":false},"author":1,"featured_media":0,"parent":0,"menu_order":0,"comment_status":"closed","ping_status":"open","template":"","meta":{"sfsi_plus_gutenberg_text_before_share":"","sfsi_plus_gutenberg_show_text_before_share":"","sfsi_plus_gutenberg_icon_type":"","sfsi_plus_gutenberg_icon_alignemt":"","sfsi_plus_gutenburg_max_per_row":""},"_links":{"self":[{"href":"https:\/\/pave.sharetech.me\/es\/wp-json\/wp\/v2\/pages\/11174"}],"collection":[{"href":"https:\/\/pave.sharetech.me\/es\/wp-json\/wp\/v2\/pages"}],"about":[{"href":"https:\/\/pave.sharetech.me\/es\/wp-json\/wp\/v2\/types\/page"}],"author":[{"embeddable":true,"href":"https:\/\/pave.sharetech.me\/es\/wp-json\/wp\/v2\/users\/1"}],"replies":[{"embeddable":true,"href":"https:\/\/pave.sharetech.me\/es\/wp-json\/wp\/v2\/comments?post=11174"}],"version-history":[{"count":0,"href":"https:\/\/pave.sharetech.me\/es\/wp-json\/wp\/v2\/pages\/11174\/revisions"}],"wp:attachment":[{"href":"https:\/\/pave.sharetech.me\/es\/wp-json\/wp\/v2\/media?parent=11174"}],"curies":[{"name":"wp","href":"https:\/\/api.w.org\/{rel}","templated":true}]}}